{"id":995,"date":"2022-04-26T11:31:42","date_gmt":"2022-04-26T11:31:42","guid":{"rendered":"https:\/\/carmenrey-artstudio.com\/?page_id=995"},"modified":"2025-05-21T10:29:42","modified_gmt":"2025-05-21T10:29:42","slug":"declaracio-artistica","status":"publish","type":"page","link":"https:\/\/carmenrey-artstudio.com\/ca\/declaracio-artistica\/","title":{"rendered":"Artista"},"content":{"rendered":"\t\t<div data-elementor-type=\"wp-page\" data-elementor-id=\"995\" class=\"elementor elementor-995\" data-elementor-post-type=\"page\">\n\t\t\t\t\t\t<section class=\"elementor-section elementor-top-section elementor-element elementor-element-7ecf743 elementor-section-boxed elementor-section-height-default elementor-section-height-default\" data-id=\"7ecf743\" data-element_type=\"section\" data-settings=\"{&quot;background_background&quot;:&quot;classic&quot;}\">\n\t\t\t\t\t\t\t<div class=\"elementor-background-overlay\"><\/div>\n\t\t\t\t\t\t\t<div class=\"elementor-container elementor-column-gap-default\">\n\t\t\t\t\t<div class=\"elementor-column elementor-col-33 elementor-top-column elementor-element elementor-element-a3ad50d\" data-id=\"a3ad50d\" data-element_type=\"column\">\n\t\t\t<div class=\"elementor-widget-wrap elementor-element-populated\">\n\t\t\t\t\t\t<section class=\"elementor-section elementor-inner-section elementor-element elementor-element-fd11384 elementor-section-boxed elementor-section-height-default elementor-section-height-default\" data-id=\"fd11384\" data-element_type=\"section\" data-settings=\"{&quot;sticky&quot;:&quot;top&quot;,&quot;sticky_offset&quot;:100,&quot;sticky_on&quot;:[&quot;desktop&quot;,&quot;tablet&quot;],&quot;sticky_effects_offset&quot;:0,&quot;sticky_anchor_link_offset&quot;:0}\">\n\t\t\t\t\t\t<div class=\"elementor-container elementor-column-gap-default\">\n\t\t\t\t\t<div class=\"elementor-column elementor-col-100 elementor-inner-column elementor-element elementor-element-5a81c00\" data-id=\"5a81c00\" data-element_type=\"column\">\n\t\t\t<div class=\"elementor-widget-wrap elementor-element-populated\">\n\t\t\t\t\t\t<div class=\"elementor-element elementor-element-419983c elementor-widget elementor-widget-heading\" data-id=\"419983c\" data-element_type=\"widget\" data-widget_type=\"heading.default\">\n\t\t\t\t<div class=\"elementor-widget-container\">\n\t\t\t\t\t<h2 class=\"elementor-heading-title elementor-size-default\"><a href=\"https:\/\/carmenrey-artstudio.com\/ca\">Carmen Rey<\/a><\/h2>\t\t\t\t<\/div>\n\t\t\t\t<\/div>\n\t\t\t\t<div class=\"elementor-element elementor-element-dd40078 elementor-nav-menu__text-align-center elementor-widget elementor-widget-nav-menu\" data-id=\"dd40078\" data-element_type=\"widget\" data-settings=\"{&quot;layout&quot;:&quot;dropdown&quot;,&quot;submenu_icon&quot;:{&quot;value&quot;:&quot;&lt;svg class=\\&quot;e-font-icon-svg e-fas-angle-down\\&quot; viewBox=\\&quot;0 0 320 512\\&quot; xmlns=\\&quot;http:\\\/\\\/www.w3.org\\\/2000\\\/svg\\&quot;&gt;&lt;path d=\\&quot;M143 352.3L7 216.3c-9.4-9.4-9.4-24.6 0-33.9l22.6-22.6c9.4-9.4 24.6-9.4 33.9 0l96.4 96.4 96.4-96.4c9.4-9.4 24.6-9.4 33.9 0l22.6 22.6c9.4 9.4 9.4 24.6 0 33.9l-136 136c-9.2 9.4-24.4 9.4-33.8 0z\\&quot;&gt;&lt;\\\/path&gt;&lt;\\\/svg&gt;&quot;,&quot;library&quot;:&quot;fa-solid&quot;}}\" data-widget_type=\"nav-menu.default\">\n\t\t\t\t<div class=\"elementor-widget-container\">\n\t\t\t\t\t\t\t\t<nav class=\"elementor-nav-menu--dropdown elementor-nav-menu__container\" aria-hidden=\"true\">\n\t\t\t\t<ul id=\"menu-2-dd40078\" class=\"elementor-nav-menu\"><li class=\"menusobremi menu-item menu-item-type-custom menu-item-object-custom menu-item-has-children menu-item-1588\"><a href=\"#\" class=\"elementor-item elementor-item-anchor\" tabindex=\"-1\">Sobre mi<\/a>\n<ul class=\"sub-menu elementor-nav-menu--dropdown\">\n\t<li class=\"menu-item menu-item-type-post_type menu-item-object-page menu-item-1067\"><a href=\"https:\/\/carmenrey-artstudio.com\/ca\/declaracio-artistica\/\" class=\"elementor-sub-item\" tabindex=\"-1\">Artista<\/a><\/li>\n\t<li class=\"menu-item menu-item-type-post_type menu-item-object-page menu-item-511\"><a href=\"https:\/\/carmenrey-artstudio.com\/ca\/biografia\/\" class=\"elementor-sub-item\" tabindex=\"-1\">Biografia<\/a><\/li>\n<\/ul>\n<\/li>\n<li class=\"menuportfolio menu-item menu-item-type-custom menu-item-object-custom menu-item-has-children menu-item-1648\"><a href=\"#\" class=\"elementor-item elementor-item-anchor\" tabindex=\"-1\">Portfoli<\/a>\n<ul class=\"sub-menu elementor-nav-menu--dropdown\">\n\t<li class=\"menu-item menu-item-type-custom menu-item-object-custom menu-item-has-children menu-item-1696\"><a href=\"#\" class=\"elementor-sub-item elementor-item-anchor\" tabindex=\"-1\">Pintura figurativa<\/a>\n\t<ul class=\"sub-menu elementor-nav-menu--dropdown\">\n\t\t<li class=\"menu-item menu-item-type-taxonomy menu-item-object-categorias menu-item-2365\"><a href=\"https:\/\/carmenrey-artstudio.com\/ca\/categorias\/trassos-del-dema\/\" class=\"elementor-sub-item\" tabindex=\"-1\">S\u00e8rie &#8220;Tra\u00e7os del dem\u00e0&#8221;<\/a><\/li>\n\t\t<li class=\"menu-item menu-item-type-taxonomy menu-item-object-categorias menu-item-614\"><a href=\"https:\/\/carmenrey-artstudio.com\/ca\/categorias\/obra-recent\/\" class=\"elementor-sub-item\" tabindex=\"-1\">S\u00e8rie &#8220;Intimitats&#8221;<\/a><\/li>\n\t\t<li class=\"menu-item menu-item-type-taxonomy menu-item-object-categorias menu-item-2293\"><a href=\"https:\/\/carmenrey-artstudio.com\/ca\/categorias\/paisatge-intern\/\" class=\"elementor-sub-item\" tabindex=\"-1\">S\u00e8rie &#8220;Paisatge intern&#8221;<\/a><\/li>\n\t\t<li class=\"menu-item menu-item-type-taxonomy menu-item-object-categorias menu-item-616\"><a href=\"https:\/\/carmenrey-artstudio.com\/ca\/categorias\/visions-del-retrat\/\" class=\"elementor-sub-item\" tabindex=\"-1\">S\u00e8rie &#8220;Visions del retrat&#8221;<\/a><\/li>\n\t\t<li class=\"menu-item menu-item-type-taxonomy menu-item-object-categorias menu-item-615\"><a href=\"https:\/\/carmenrey-artstudio.com\/ca\/categorias\/seleccio-dobres-de-larxiu\/\" class=\"elementor-sub-item\" tabindex=\"-1\">Selecci\u00f3 d\u2019obres de l\u2019arxiu<\/a><\/li>\n\t<\/ul>\n<\/li>\n\t<li class=\"menu-item menu-item-type-taxonomy menu-item-object-categorias menu-item-611\"><a href=\"https:\/\/carmenrey-artstudio.com\/ca\/categorias\/dibuix\/\" class=\"elementor-sub-item\" tabindex=\"-1\">Dibuix<\/a><\/li>\n\t<li class=\"menu-item menu-item-type-taxonomy menu-item-object-categorias menu-item-613\"><a href=\"https:\/\/carmenrey-artstudio.com\/ca\/categorias\/encarrecs\/\" class=\"elementor-sub-item\" tabindex=\"-1\">Enc\u00e0rrecs en t\u00e8cniques diverses<\/a><\/li>\n<\/ul>\n<\/li>\n<li class=\"menu-item menu-item-type-post_type menu-item-object-page menu-item-498\"><a href=\"https:\/\/carmenrey-artstudio.com\/ca\/contactar\/\" class=\"elementor-item\" tabindex=\"-1\">Contactar<\/a><\/li>\n<li class=\"menu-item menu-item-type-custom menu-item-object-custom menu-item-has-children menu-item-1862\"><a class=\"elementor-item\" tabindex=\"-1\">IDIOMES<\/a>\n<ul class=\"sub-menu elementor-nav-menu--dropdown\">\n\t<li class=\"site-id-3 mlp-language-nav-item menu-item menu-item-type-mlp_language menu-item-object-mlp_language mlp-current-language-item menu-item-1951\"><a rel=\"alternate\" href=\"https:\/\/carmenrey-artstudio.com\/ca\/\" class=\"elementor-sub-item\" tabindex=\"-1\" lang=\"ca-ES\" hreflang=\"ca-ES\">CA<\/a><\/li>\n\t<li class=\"site-id-1 mlp-language-nav-item menu-item menu-item-type-mlp_language menu-item-object-mlp_language menu-item-1860\"><a rel=\"alternate\" href=\"https:\/\/carmenrey-artstudio.com\/\" class=\"elementor-sub-item\" tabindex=\"-1\" lang=\"es-ES\" hreflang=\"es-ES\">ES<\/a><\/li>\n\t<li class=\"site-id-2 mlp-language-nav-item menu-item menu-item-type-mlp_language menu-item-object-mlp_language menu-item-1861\"><a rel=\"alternate\" href=\"https:\/\/carmenrey-artstudio.com\/en\/\" class=\"elementor-sub-item\" tabindex=\"-1\" lang=\"en-US\" hreflang=\"en-US\">EN<\/a><\/li>\n<\/ul>\n<\/li>\n<\/ul>\t\t\t<\/nav>\n\t\t\t\t\t\t<\/div>\n\t\t\t\t<\/div>\n\t\t\t\t\t<\/div>\n\t\t<\/div>\n\t\t\t\t\t<\/div>\n\t\t<\/section>\n\t\t\t\t\t<\/div>\n\t\t<\/div>\n\t\t\t\t<div class=\"elementor-column elementor-col-33 elementor-top-column elementor-element elementor-element-4c11ada\" data-id=\"4c11ada\" data-element_type=\"column\">\n\t\t\t<div class=\"elementor-widget-wrap elementor-element-populated\">\n\t\t\t\t\t\t<div class=\"elementor-element elementor-element-ed821cf elementor-widget elementor-widget-heading\" data-id=\"ed821cf\" data-element_type=\"widget\" data-widget_type=\"heading.default\">\n\t\t\t\t<div class=\"elementor-widget-container\">\n\t\t\t\t\t<h2 class=\"elementor-heading-title elementor-size-default\">Sobre mi<\/h2>\t\t\t\t<\/div>\n\t\t\t\t<\/div>\n\t\t\t\t<div class=\"elementor-element elementor-element-054cd14 elementor-widget elementor-widget-text-editor\" data-id=\"054cd14\" data-element_type=\"widget\" data-widget_type=\"text-editor.default\">\n\t\t\t\t<div class=\"elementor-widget-container\">\n\t\t\t\t\t\t\t\t\t<p>Vaig n\u00e9ixer a Matar\u00f3, Barcelona. La meva carrera professional com a qu\u00edmica i inform\u00e0tica ha estat sempre lluny de l&#8217;art fins al 2014, quan vaig comen\u00e7ar la meva formaci\u00f3 en pintura i dibuix figuratiu. Des de llavors he assistit a diferents cursos intensius de dibuix i pintura de la figura en viu, i posteriorment a diversos tallers amb grans artistes com Felipe Alonso, Joshua LaRock, Irene Quadrat, Alex Kanevsky, Catherine Kehoe, Jennifer Pochinski, Paco Lafarga, entre d&#8217;altres.<\/p>\n<p>Des de llavors he treballat en obres per enc\u00e0rrec i he exposat a exposicions i concursos nacionals i internacionals. La meva obra ha estat adquirida en col\u00b7leccions privades arreu del mon.<\/p>\n<p>El 2023, la meva segona exposici\u00f3 individual, \u00abVisions del retrat\u00bb, es va centrar en els diferents enfocaments que he fet servir per crear retrats, amb una t\u00e8cnica m\u00e9s realista de vegades, o m\u00e9s intu\u00eftiva i lliure.&nbsp; Algunes d&#8217;aquestes obres es recullen a la col\u00b7lecci\u00f3 \u00abVisions del retrat\u00bb d&#8217;aquest web.<\/p>\t\t\t\t\t\t\t\t<\/div>\n\t\t\t\t<\/div>\n\t\t\t\t<div class=\"elementor-element elementor-element-93a3d8f elementor-widget elementor-widget-heading\" data-id=\"93a3d8f\" data-element_type=\"widget\" data-widget_type=\"heading.default\">\n\t\t\t\t<div class=\"elementor-widget-container\">\n\t\t\t\t\t<h2 class=\"elementor-heading-title elementor-size-default\">Declaraci\u00f3 art\u00edstica<\/h2>\t\t\t\t<\/div>\n\t\t\t\t<\/div>\n\t\t\t\t<div class=\"elementor-element elementor-element-0bdad33 elementor-widget elementor-widget-text-editor\" data-id=\"0bdad33\" data-element_type=\"widget\" data-widget_type=\"text-editor.default\">\n\t\t\t\t<div class=\"elementor-widget-container\">\n\t\t\t\t\t\t\t\t\t<p>Tot i que continuo sempre experimentant a trav\u00e9s de m\u00faltiples t\u00e8cniques i tem\u00e0tiques, tant en l&#8217;\u00e0mbit del dibuix com de la pintura, el meu inter\u00e8s principal \u00e9s el retrat i la figura.&nbsp;<\/p>\n<p>La figura humana a les meves \u00faltimes col\u00b7leccions \u00e9s el vehicle a trav\u00e9s del qual intento captar estats d&#8217;\u00e0nim sempre propers a la introspecci\u00f3, la vulnerabilitat, la malenconia. S\u00f3n figures en solitud, en conversa amb elles mateixes. No les vaig pintar buscant una s\u00e8rie d&#8217;obres amb una tem\u00e0tica: vaig trobar la tem\u00e0tica, que en aquest cas \u00e9s la intimitat, veient qu\u00e8 pintava reiteradament, que \u00e9s una cosa que m&#8217;acostuma a passar.<\/p>\n<p>La t\u00e8cnica precisa del realisme em serveix com a \u00e0ncora, per\u00f2 sovint deixo que el color, la textura o la composici\u00f3 introdueixin elements abstractes o simb\u00f2lics que obren altres lectures i distancien l&#8217;obra del que \u00e9s purament literal.<\/p>\n<p>Treballo tamb\u00e9 s\u00e8ries de retrats creats de forma instintiva i creativa, en qu\u00e8 l&#8217;emoci\u00f3 pesa m\u00e9s que la fidelitat a la semblan\u00e7a. Cadasc\u00fa est\u00e0 resolt amb una t\u00e8cnica molt diferent, buscant que la mat\u00e8ria i el gest pict\u00f2ric siguin tan expressius com la imatge en si. S\u00f3n retrats que no mostren una persona determinada, sin\u00f3 que conviden l&#8217;espectador a recon\u00e8ixer-se en una emoci\u00f3 o un tret del car\u00e0cter.<\/p>\t\t\t\t\t\t\t\t<\/div>\n\t\t\t\t<\/div>\n\t\t\t\t<div class=\"elementor-element elementor-element-757d51d elementor-hidden-desktop elementor-widget elementor-widget-image\" data-id=\"757d51d\" data-element_type=\"widget\" data-widget_type=\"image.default\">\n\t\t\t\t<div class=\"elementor-widget-container\">\n\t\t\t\t\t\t\t\t\t\t\t\t\t\t\t<img decoding=\"async\" src=\"https:\/\/carmenrey-artstudio.com\/ca\/wp-content\/uploads\/sites\/3\/elementor\/thumbs\/Sobre-mi\u0301-prnjle18azb43ytfd88qqg9xta5e1b2e07y4hsr1i0.jpg\" title=\"Sobre mi\u0301\" alt=\"Sobre mi\u0301\" loading=\"lazy\" \/>\t\t\t\t\t\t\t\t\t\t\t\t\t\t\t<\/div>\n\t\t\t\t<\/div>\n\t\t\t\t\t<\/div>\n\t\t<\/div>\n\t\t\t\t<div class=\"elementor-column elementor-col-33 elementor-top-column elementor-element elementor-element-9772bbd elementor-hidden-tablet elementor-hidden-mobile\" data-id=\"9772bbd\" data-element_type=\"column\">\n\t\t\t<div class=\"elementor-widget-wrap elementor-element-populated\">\n\t\t\t\t\t\t<div class=\"elementor-element elementor-element-965dd6e elementor-widget elementor-widget-image\" data-id=\"965dd6e\" data-element_type=\"widget\" data-widget_type=\"image.default\">\n\t\t\t\t<div class=\"elementor-widget-container\">\n\t\t\t\t\t\t\t\t\t\t\t\t\t\t\t<img decoding=\"async\" src=\"https:\/\/carmenrey-artstudio.com\/ca\/wp-content\/uploads\/sites\/3\/elementor\/thumbs\/CarmenLR-2-Peq-r64qe2sr51r0l2j1m31091wxesx4mm9pnkcljl2jiw.jpg\" title=\"_CarmenLR-2 Peq\" alt=\"_CarmenLR-2 Peq\" loading=\"lazy\" \/>\t\t\t\t\t\t\t\t\t\t\t\t\t\t\t<\/div>\n\t\t\t\t<\/div>\n\t\t\t\t\t<\/div>\n\t\t<\/div>\n\t\t\t\t\t<\/div>\n\t\t<\/section>\n\t\t\t\t<\/div>\n\t\t","protected":false},"excerpt":{"rendered":"<p>Carmen Rey Sobre mi Vaig n\u00e9ixer a Matar\u00f3, Barcelona. La meva carrera professional com a qu\u00edmica i inform\u00e0tica ha estat sempre lluny de l&#8217;art fins al 2014, quan vaig comen\u00e7ar la meva formaci\u00f3 en pintura i dibuix figuratiu. Des de llavors he assistit a diferents cursos intensius de dibuix i pintura de la figura en [&hellip;]<\/p>\n","protected":false},"author":2,"featured_media":0,"parent":0,"menu_order":0,"comment_status":"closed","ping_status":"closed","template":"","meta":{"footnotes":""},"class_list":["post-995","page","type-page","status-publish","hentry"],"yoast_head":"<!-- This site is optimized with the Yoast SEO plugin v25.6 - https:\/\/yoast.com\/wordpress\/plugins\/seo\/ -->\n<title>Artista - Carmen Rey CA<\/title>\n<meta name=\"robots\" content=\"index, follow, max-snippet:-1, max-image-preview:large, max-video-preview:-1\" \/>\n<link rel=\"canonical\" href=\"https:\/\/carmenrey-artstudio.com\/ca\/declaracio-artistica\/\" \/>\n<meta property=\"og:locale\" content=\"ca_ES\" \/>\n<meta property=\"og:type\" content=\"article\" \/>\n<meta property=\"og:title\" content=\"Artista - Carmen Rey CA\" \/>\n<meta property=\"og:description\" content=\"Carmen Rey Sobre mi Vaig n\u00e9ixer a Matar\u00f3, Barcelona. La meva carrera professional com a qu\u00edmica i inform\u00e0tica ha estat sempre lluny de l&#8217;art fins al 2014, quan vaig comen\u00e7ar la meva formaci\u00f3 en pintura i dibuix figuratiu. Des de llavors he assistit a diferents cursos intensius de dibuix i pintura de la figura en [&hellip;]\" \/>\n<meta property=\"og:url\" content=\"https:\/\/carmenrey-artstudio.com\/ca\/declaracio-artistica\/\" \/>\n<meta property=\"og:site_name\" content=\"Carmen Rey CA\" \/>\n<meta property=\"article:modified_time\" content=\"2025-05-21T10:29:42+00:00\" \/>\n<meta property=\"og:image\" content=\"https:\/\/carmenrey-artstudio.com\/ca\/wp-content\/uploads\/sites\/3\/elementor\/thumbs\/CarmenLR-2-Peq-r64qe2sr51r0l2j1m31091wxesx4mm9pnkcljl2jiw.jpg\" \/>\n<meta name=\"twitter:card\" content=\"summary_large_image\" \/>\n<meta name=\"twitter:label1\" content=\"Temps estimat de lectura\" \/>\n\t<meta name=\"twitter:data1\" content=\"3 minuts\" \/>\n<script type=\"application\/ld+json\" class=\"yoast-schema-graph\">{\"@context\":\"https:\/\/schema.org\",\"@graph\":[{\"@type\":\"WebPage\",\"@id\":\"https:\/\/carmenrey-artstudio.com\/ca\/declaracio-artistica\/\",\"url\":\"https:\/\/carmenrey-artstudio.com\/ca\/declaracio-artistica\/\",\"name\":\"Artista - Carmen Rey CA\",\"isPartOf\":{\"@id\":\"https:\/\/carmenrey-artstudio.com\/ca\/#website\"},\"primaryImageOfPage\":{\"@id\":\"https:\/\/carmenrey-artstudio.com\/ca\/declaracio-artistica\/#primaryimage\"},\"image\":{\"@id\":\"https:\/\/carmenrey-artstudio.com\/ca\/declaracio-artistica\/#primaryimage\"},\"thumbnailUrl\":\"https:\/\/carmenrey-artstudio.com\/ca\/wp-content\/uploads\/sites\/3\/elementor\/thumbs\/CarmenLR-2-Peq-r64qe2sr51r0l2j1m31091wxesx4mm9pnkcljl2jiw.jpg\",\"datePublished\":\"2022-04-26T11:31:42+00:00\",\"dateModified\":\"2025-05-21T10:29:42+00:00\",\"breadcrumb\":{\"@id\":\"https:\/\/carmenrey-artstudio.com\/ca\/declaracio-artistica\/#breadcrumb\"},\"inLanguage\":\"ca\",\"potentialAction\":[{\"@type\":\"ReadAction\",\"target\":[\"https:\/\/carmenrey-artstudio.com\/ca\/declaracio-artistica\/\"]}]},{\"@type\":\"ImageObject\",\"inLanguage\":\"ca\",\"@id\":\"https:\/\/carmenrey-artstudio.com\/ca\/declaracio-artistica\/#primaryimage\",\"url\":\"https:\/\/carmenrey-artstudio.com\/ca\/wp-content\/uploads\/sites\/3\/elementor\/thumbs\/CarmenLR-2-Peq-r64qe2sr51r0l2j1m31091wxesx4mm9pnkcljl2jiw.jpg\",\"contentUrl\":\"https:\/\/carmenrey-artstudio.com\/ca\/wp-content\/uploads\/sites\/3\/elementor\/thumbs\/CarmenLR-2-Peq-r64qe2sr51r0l2j1m31091wxesx4mm9pnkcljl2jiw.jpg\"},{\"@type\":\"BreadcrumbList\",\"@id\":\"https:\/\/carmenrey-artstudio.com\/ca\/declaracio-artistica\/#breadcrumb\",\"itemListElement\":[{\"@type\":\"ListItem\",\"position\":1,\"name\":\"Portada\",\"item\":\"https:\/\/carmenrey-artstudio.com\/ca\/\"},{\"@type\":\"ListItem\",\"position\":2,\"name\":\"Artista\"}]},{\"@type\":\"WebSite\",\"@id\":\"https:\/\/carmenrey-artstudio.com\/ca\/#website\",\"url\":\"https:\/\/carmenrey-artstudio.com\/ca\/\",\"name\":\"Carmen Rey CA\",\"description\":\"Artista\",\"publisher\":{\"@id\":\"https:\/\/carmenrey-artstudio.com\/ca\/#organization\"},\"potentialAction\":[{\"@type\":\"SearchAction\",\"target\":{\"@type\":\"EntryPoint\",\"urlTemplate\":\"https:\/\/carmenrey-artstudio.com\/ca\/?s={search_term_string}\"},\"query-input\":{\"@type\":\"PropertyValueSpecification\",\"valueRequired\":true,\"valueName\":\"search_term_string\"}}],\"inLanguage\":\"ca\"},{\"@type\":\"Organization\",\"@id\":\"https:\/\/carmenrey-artstudio.com\/ca\/#organization\",\"name\":\"Carmen Rey CA\",\"url\":\"https:\/\/carmenrey-artstudio.com\/ca\/\",\"logo\":{\"@type\":\"ImageObject\",\"inLanguage\":\"ca\",\"@id\":\"https:\/\/carmenrey-artstudio.com\/ca\/#\/schema\/logo\/image\/\",\"url\":\"https:\/\/carmenrey-artstudio.com\/ca\/wp-content\/uploads\/sites\/3\/2022\/06\/cropped-CR.png\",\"contentUrl\":\"https:\/\/carmenrey-artstudio.com\/ca\/wp-content\/uploads\/sites\/3\/2022\/06\/cropped-CR.png\",\"width\":513,\"height\":512,\"caption\":\"Carmen Rey CA\"},\"image\":{\"@id\":\"https:\/\/carmenrey-artstudio.com\/ca\/#\/schema\/logo\/image\/\"}}]}<\/script>\n<!-- \/ Yoast SEO plugin. -->","yoast_head_json":{"title":"Artista - Carmen Rey CA","robots":{"index":"index","follow":"follow","max-snippet":"max-snippet:-1","max-image-preview":"max-image-preview:large","max-video-preview":"max-video-preview:-1"},"canonical":"https:\/\/carmenrey-artstudio.com\/ca\/declaracio-artistica\/","og_locale":"ca_ES","og_type":"article","og_title":"Artista - Carmen Rey CA","og_description":"Carmen Rey Sobre mi Vaig n\u00e9ixer a Matar\u00f3, Barcelona. La meva carrera professional com a qu\u00edmica i inform\u00e0tica ha estat sempre lluny de l&#8217;art fins al 2014, quan vaig comen\u00e7ar la meva formaci\u00f3 en pintura i dibuix figuratiu. Des de llavors he assistit a diferents cursos intensius de dibuix i pintura de la figura en [&hellip;]","og_url":"https:\/\/carmenrey-artstudio.com\/ca\/declaracio-artistica\/","og_site_name":"Carmen Rey CA","article_modified_time":"2025-05-21T10:29:42+00:00","og_image":[{"url":"https:\/\/carmenrey-artstudio.com\/ca\/wp-content\/uploads\/sites\/3\/elementor\/thumbs\/CarmenLR-2-Peq-r64qe2sr51r0l2j1m31091wxesx4mm9pnkcljl2jiw.jpg","type":"","width":"","height":""}],"twitter_card":"summary_large_image","twitter_misc":{"Temps estimat de lectura":"3 minuts"},"schema":{"@context":"https:\/\/schema.org","@graph":[{"@type":"WebPage","@id":"https:\/\/carmenrey-artstudio.com\/ca\/declaracio-artistica\/","url":"https:\/\/carmenrey-artstudio.com\/ca\/declaracio-artistica\/","name":"Artista - Carmen Rey CA","isPartOf":{"@id":"https:\/\/carmenrey-artstudio.com\/ca\/#website"},"primaryImageOfPage":{"@id":"https:\/\/carmenrey-artstudio.com\/ca\/declaracio-artistica\/#primaryimage"},"image":{"@id":"https:\/\/carmenrey-artstudio.com\/ca\/declaracio-artistica\/#primaryimage"},"thumbnailUrl":"https:\/\/carmenrey-artstudio.com\/ca\/wp-content\/uploads\/sites\/3\/elementor\/thumbs\/CarmenLR-2-Peq-r64qe2sr51r0l2j1m31091wxesx4mm9pnkcljl2jiw.jpg","datePublished":"2022-04-26T11:31:42+00:00","dateModified":"2025-05-21T10:29:42+00:00","breadcrumb":{"@id":"https:\/\/carmenrey-artstudio.com\/ca\/declaracio-artistica\/#breadcrumb"},"inLanguage":"ca","potentialAction":[{"@type":"ReadAction","target":["https:\/\/carmenrey-artstudio.com\/ca\/declaracio-artistica\/"]}]},{"@type":"ImageObject","inLanguage":"ca","@id":"https:\/\/carmenrey-artstudio.com\/ca\/declaracio-artistica\/#primaryimage","url":"https:\/\/carmenrey-artstudio.com\/ca\/wp-content\/uploads\/sites\/3\/elementor\/thumbs\/CarmenLR-2-Peq-r64qe2sr51r0l2j1m31091wxesx4mm9pnkcljl2jiw.jpg","contentUrl":"https:\/\/carmenrey-artstudio.com\/ca\/wp-content\/uploads\/sites\/3\/elementor\/thumbs\/CarmenLR-2-Peq-r64qe2sr51r0l2j1m31091wxesx4mm9pnkcljl2jiw.jpg"},{"@type":"BreadcrumbList","@id":"https:\/\/carmenrey-artstudio.com\/ca\/declaracio-artistica\/#breadcrumb","itemListElement":[{"@type":"ListItem","position":1,"name":"Portada","item":"https:\/\/carmenrey-artstudio.com\/ca\/"},{"@type":"ListItem","position":2,"name":"Artista"}]},{"@type":"WebSite","@id":"https:\/\/carmenrey-artstudio.com\/ca\/#website","url":"https:\/\/carmenrey-artstudio.com\/ca\/","name":"Carmen Rey CA","description":"Artista","publisher":{"@id":"https:\/\/carmenrey-artstudio.com\/ca\/#organization"},"potentialAction":[{"@type":"SearchAction","target":{"@type":"EntryPoint","urlTemplate":"https:\/\/carmenrey-artstudio.com\/ca\/?s={search_term_string}"},"query-input":{"@type":"PropertyValueSpecification","valueRequired":true,"valueName":"search_term_string"}}],"inLanguage":"ca"},{"@type":"Organization","@id":"https:\/\/carmenrey-artstudio.com\/ca\/#organization","name":"Carmen Rey CA","url":"https:\/\/carmenrey-artstudio.com\/ca\/","logo":{"@type":"ImageObject","inLanguage":"ca","@id":"https:\/\/carmenrey-artstudio.com\/ca\/#\/schema\/logo\/image\/","url":"https:\/\/carmenrey-artstudio.com\/ca\/wp-content\/uploads\/sites\/3\/2022\/06\/cropped-CR.png","contentUrl":"https:\/\/carmenrey-artstudio.com\/ca\/wp-content\/uploads\/sites\/3\/2022\/06\/cropped-CR.png","width":513,"height":512,"caption":"Carmen Rey CA"},"image":{"@id":"https:\/\/carmenrey-artstudio.com\/ca\/#\/schema\/logo\/image\/"}}]}},"_links":{"self":[{"href":"https:\/\/carmenrey-artstudio.com\/ca\/wp-json\/wp\/v2\/pages\/995","targetHints":{"allow":["GET"]}}],"collection":[{"href":"https:\/\/carmenrey-artstudio.com\/ca\/wp-json\/wp\/v2\/pages"}],"about":[{"href":"https:\/\/carmenrey-artstudio.com\/ca\/wp-json\/wp\/v2\/types\/page"}],"author":[{"embeddable":true,"href":"https:\/\/carmenrey-artstudio.com\/ca\/wp-json\/wp\/v2\/users\/2"}],"replies":[{"embeddable":true,"href":"https:\/\/carmenrey-artstudio.com\/ca\/wp-json\/wp\/v2\/comments?post=995"}],"version-history":[{"count":19,"href":"https:\/\/carmenrey-artstudio.com\/ca\/wp-json\/wp\/v2\/pages\/995\/revisions"}],"predecessor-version":[{"id":2332,"href":"https:\/\/carmenrey-artstudio.com\/ca\/wp-json\/wp\/v2\/pages\/995\/revisions\/2332"}],"wp:attachment":[{"href":"https:\/\/carmenrey-artstudio.com\/ca\/wp-json\/wp\/v2\/media?parent=995"}],"curies":[{"name":"wp","href":"https:\/\/api.w.org\/{rel}","templated":true}]}}